{"id":580,"date":"2025-09-10T10:42:57","date_gmt":"2025-09-10T08:42:57","guid":{"rendered":"https:\/\/castillayleonh2valley.eu\/about\/"},"modified":"2026-03-18T16:12:50","modified_gmt":"2026-03-18T15:12:50","slug":"about","status":"publish","type":"page","link":"https:\/\/castillayleonh2valley.eu\/es\/about\/","title":{"rendered":"Acerca del proyecto"},"content":{"rendered":"<div class=\"ewa-rteLine\">Un Valle del Hidr\u00f3geno es un ecosistema regional donde el hidr\u00f3geno verde se produce, almacena, distribuye y utiliza en distintos sectores como la industria, el transporte y la calefacci\u00f3n. Integrando toda la cadena de valor del hidr\u00f3geno en una misma zona, se reducen las emisiones de CO\u2082, se refuerza la independencia energ\u00e9tica y se impulsa una econom\u00eda circular basada en energ\u00edas renovables.<\/div>\n","protected":false},"excerpt":{"rendered":"<p>Un Valle del Hidr\u00f3geno es un ecosistema regional donde el hidr\u00f3geno verde se produce, almacena, distribuye y utiliza en distintos sectores como la industria, el transporte y la calefacci\u00f3n. Integrando toda la cadena de valor del hidr\u00f3geno en una misma zona, se reducen las emisiones de CO\u2082, se refuerza la independencia energ\u00e9tica y se impulsa [&hellip;]<\/p>\n","protected":false},"author":1,"featured_media":550,"parent":0,"menu_order":0,"comment_status":"closed","ping_status":"closed","template":"page-templates\/about.php","meta":{"_acf_changed":false,"footnotes":""},"class_list":["post-580","page","type-page","status-publish","has-post-thumbnail","hentry"],"acf":[],"yoast_head":"<!-- This site is optimized with the Yoast SEO plugin v27.3 - https:\/\/yoast.com\/product\/yoast-seo-wordpress\/ -->\n<title>Acerca del proyecto - Castilla y Le\u00f3n Hydrogen Valley<\/title>\n<meta name=\"robots\" content=\"index, follow, max-snippet:-1, max-image-preview:large, max-video-preview:-1\" \/>\n<link rel=\"canonical\" href=\"https:\/\/castillayleonh2valley.eu\/es\/about\/\" \/>\n<meta property=\"og:locale\" content=\"es_ES\" \/>\n<meta property=\"og:type\" content=\"article\" \/>\n<meta property=\"og:title\" content=\"Acerca del proyecto - Castilla y Le\u00f3n Hydrogen Valley\" \/>\n<meta property=\"og:description\" content=\"Un Valle del Hidr\u00f3geno es un ecosistema regional donde el hidr\u00f3geno verde se produce, almacena, distribuye y utiliza en distintos sectores como la industria, el transporte y la calefacci\u00f3n. Integrando toda la cadena de valor del hidr\u00f3geno en una misma zona, se reducen las emisiones de CO\u2082, se refuerza la independencia energ\u00e9tica y se impulsa [&hellip;]\" \/>\n<meta property=\"og:url\" content=\"https:\/\/castillayleonh2valley.eu\/es\/about\/\" \/>\n<meta property=\"og:site_name\" content=\"Castilla y Le\u00f3n Hydrogen Valley\" \/>\n<meta property=\"article:modified_time\" content=\"2026-03-18T15:12:50+00:00\" \/>\n<meta property=\"og:image\" content=\"https:\/\/castillayleonh2valley.eu\/wp-content\/uploads\/2025\/09\/cyl-about-scaled.jpg\" \/>\n\t<meta property=\"og:image:width\" content=\"2560\" \/>\n\t<meta property=\"og:image:height\" content=\"1707\" \/>\n\t<meta property=\"og:image:type\" content=\"image\/jpeg\" \/>\n<meta name=\"twitter:card\" content=\"summary_large_image\" \/>\n<meta name=\"twitter:label1\" content=\"Est. reading time\" \/>\n\t<meta name=\"twitter:data1\" content=\"1 minute\" \/>\n<script type=\"application\/ld+json\" class=\"yoast-schema-graph\">{\"@context\":\"https:\\\/\\\/schema.org\",\"@graph\":[{\"@type\":\"WebPage\",\"@id\":\"https:\\\/\\\/castillayleonh2valley.eu\\\/es\\\/about\\\/\",\"url\":\"https:\\\/\\\/castillayleonh2valley.eu\\\/es\\\/about\\\/\",\"name\":\"Acerca del proyecto - Castilla y Le\u00f3n Hydrogen Valley\",\"isPartOf\":{\"@id\":\"https:\\\/\\\/castillayleonh2valley.eu\\\/es\\\/#website\"},\"primaryImageOfPage\":{\"@id\":\"https:\\\/\\\/castillayleonh2valley.eu\\\/es\\\/about\\\/#primaryimage\"},\"image\":{\"@id\":\"https:\\\/\\\/castillayleonh2valley.eu\\\/es\\\/about\\\/#primaryimage\"},\"thumbnailUrl\":\"https:\\\/\\\/castillayleonh2valley.eu\\\/wp-content\\\/uploads\\\/2025\\\/09\\\/cyl-about-scaled.jpg\",\"datePublished\":\"2025-09-10T08:42:57+00:00\",\"dateModified\":\"2026-03-18T15:12:50+00:00\",\"breadcrumb\":{\"@id\":\"https:\\\/\\\/castillayleonh2valley.eu\\\/es\\\/about\\\/#breadcrumb\"},\"inLanguage\":\"es-ES\",\"potentialAction\":[{\"@type\":\"ReadAction\",\"target\":[\"https:\\\/\\\/castillayleonh2valley.eu\\\/es\\\/about\\\/\"]}]},{\"@type\":\"ImageObject\",\"inLanguage\":\"es-ES\",\"@id\":\"https:\\\/\\\/castillayleonh2valley.eu\\\/es\\\/about\\\/#primaryimage\",\"url\":\"https:\\\/\\\/castillayleonh2valley.eu\\\/wp-content\\\/uploads\\\/2025\\\/09\\\/cyl-about-scaled.jpg\",\"contentUrl\":\"https:\\\/\\\/castillayleonh2valley.eu\\\/wp-content\\\/uploads\\\/2025\\\/09\\\/cyl-about-scaled.jpg\",\"width\":2560,\"height\":1707},{\"@type\":\"BreadcrumbList\",\"@id\":\"https:\\\/\\\/castillayleonh2valley.eu\\\/es\\\/about\\\/#breadcrumb\",\"itemListElement\":[{\"@type\":\"ListItem\",\"position\":1,\"name\":\"Home\",\"item\":\"https:\\\/\\\/castillayleonh2valley.eu\\\/es\\\/\"},{\"@type\":\"ListItem\",\"position\":2,\"name\":\"Acerca del proyecto\"}]},{\"@type\":\"WebSite\",\"@id\":\"https:\\\/\\\/castillayleonh2valley.eu\\\/es\\\/#website\",\"url\":\"https:\\\/\\\/castillayleonh2valley.eu\\\/es\\\/\",\"name\":\"Castilla y Le\u00f3n Hydrogen Valley\",\"description\":\"An Integrated Ecosystem for a Clean Hydrogen Economy\",\"potentialAction\":[{\"@type\":\"SearchAction\",\"target\":{\"@type\":\"EntryPoint\",\"urlTemplate\":\"https:\\\/\\\/castillayleonh2valley.eu\\\/es\\\/?s={search_term_string}\"},\"query-input\":{\"@type\":\"PropertyValueSpecification\",\"valueRequired\":true,\"valueName\":\"search_term_string\"}}],\"inLanguage\":\"es-ES\"}]}<\/script>\n<!-- \/ Yoast SEO plugin. -->","yoast_head_json":{"title":"Acerca del proyecto - Castilla y Le\u00f3n Hydrogen Valley","robots":{"index":"index","follow":"follow","max-snippet":"max-snippet:-1","max-image-preview":"max-image-preview:large","max-video-preview":"max-video-preview:-1"},"canonical":"https:\/\/castillayleonh2valley.eu\/es\/about\/","og_locale":"es_ES","og_type":"article","og_title":"Acerca del proyecto - Castilla y Le\u00f3n Hydrogen Valley","og_description":"Un Valle del Hidr\u00f3geno es un ecosistema regional donde el hidr\u00f3geno verde se produce, almacena, distribuye y utiliza en distintos sectores como la industria, el transporte y la calefacci\u00f3n. Integrando toda la cadena de valor del hidr\u00f3geno en una misma zona, se reducen las emisiones de CO\u2082, se refuerza la independencia energ\u00e9tica y se impulsa [&hellip;]","og_url":"https:\/\/castillayleonh2valley.eu\/es\/about\/","og_site_name":"Castilla y Le\u00f3n Hydrogen Valley","article_modified_time":"2026-03-18T15:12:50+00:00","og_image":[{"width":2560,"height":1707,"url":"https:\/\/castillayleonh2valley.eu\/wp-content\/uploads\/2025\/09\/cyl-about-scaled.jpg","type":"image\/jpeg"}],"twitter_card":"summary_large_image","twitter_misc":{"Est. reading time":"1 minute"},"schema":{"@context":"https:\/\/schema.org","@graph":[{"@type":"WebPage","@id":"https:\/\/castillayleonh2valley.eu\/es\/about\/","url":"https:\/\/castillayleonh2valley.eu\/es\/about\/","name":"Acerca del proyecto - Castilla y Le\u00f3n Hydrogen Valley","isPartOf":{"@id":"https:\/\/castillayleonh2valley.eu\/es\/#website"},"primaryImageOfPage":{"@id":"https:\/\/castillayleonh2valley.eu\/es\/about\/#primaryimage"},"image":{"@id":"https:\/\/castillayleonh2valley.eu\/es\/about\/#primaryimage"},"thumbnailUrl":"https:\/\/castillayleonh2valley.eu\/wp-content\/uploads\/2025\/09\/cyl-about-scaled.jpg","datePublished":"2025-09-10T08:42:57+00:00","dateModified":"2026-03-18T15:12:50+00:00","breadcrumb":{"@id":"https:\/\/castillayleonh2valley.eu\/es\/about\/#breadcrumb"},"inLanguage":"es-ES","potentialAction":[{"@type":"ReadAction","target":["https:\/\/castillayleonh2valley.eu\/es\/about\/"]}]},{"@type":"ImageObject","inLanguage":"es-ES","@id":"https:\/\/castillayleonh2valley.eu\/es\/about\/#primaryimage","url":"https:\/\/castillayleonh2valley.eu\/wp-content\/uploads\/2025\/09\/cyl-about-scaled.jpg","contentUrl":"https:\/\/castillayleonh2valley.eu\/wp-content\/uploads\/2025\/09\/cyl-about-scaled.jpg","width":2560,"height":1707},{"@type":"BreadcrumbList","@id":"https:\/\/castillayleonh2valley.eu\/es\/about\/#breadcrumb","itemListElement":[{"@type":"ListItem","position":1,"name":"Home","item":"https:\/\/castillayleonh2valley.eu\/es\/"},{"@type":"ListItem","position":2,"name":"Acerca del proyecto"}]},{"@type":"WebSite","@id":"https:\/\/castillayleonh2valley.eu\/es\/#website","url":"https:\/\/castillayleonh2valley.eu\/es\/","name":"Castilla y Le\u00f3n Hydrogen Valley","description":"An Integrated Ecosystem for a Clean Hydrogen Economy","potentialAction":[{"@type":"SearchAction","target":{"@type":"EntryPoint","urlTemplate":"https:\/\/castillayleonh2valley.eu\/es\/?s={search_term_string}"},"query-input":{"@type":"PropertyValueSpecification","valueRequired":true,"valueName":"search_term_string"}}],"inLanguage":"es-ES"}]}},"_links":{"self":[{"href":"https:\/\/castillayleonh2valley.eu\/es\/wp-json\/wp\/v2\/pages\/580","targetHints":{"allow":["GET"]}}],"collection":[{"href":"https:\/\/castillayleonh2valley.eu\/es\/wp-json\/wp\/v2\/pages"}],"about":[{"href":"https:\/\/castillayleonh2valley.eu\/es\/wp-json\/wp\/v2\/types\/page"}],"author":[{"embeddable":true,"href":"https:\/\/castillayleonh2valley.eu\/es\/wp-json\/wp\/v2\/users\/1"}],"replies":[{"embeddable":true,"href":"https:\/\/castillayleonh2valley.eu\/es\/wp-json\/wp\/v2\/comments?post=580"}],"version-history":[{"count":10,"href":"https:\/\/castillayleonh2valley.eu\/es\/wp-json\/wp\/v2\/pages\/580\/revisions"}],"predecessor-version":[{"id":782,"href":"https:\/\/castillayleonh2valley.eu\/es\/wp-json\/wp\/v2\/pages\/580\/revisions\/782"}],"wp:featuredmedia":[{"embeddable":true,"href":"https:\/\/castillayleonh2valley.eu\/es\/wp-json\/wp\/v2\/media\/550"}],"wp:attachment":[{"href":"https:\/\/castillayleonh2valley.eu\/es\/wp-json\/wp\/v2\/media?parent=580"}],"curies":[{"name":"wp","href":"https:\/\/api.w.org\/{rel}","templated":true}]}}