{"id":584,"date":"2023-06-20T08:33:27","date_gmt":"2023-06-20T06:33:27","guid":{"rendered":"https:\/\/castillayleonh2valley.eu\/?page_id=584"},"modified":"2026-03-18T16:13:51","modified_gmt":"2026-03-18T15:13:51","slug":"homepage","status":"publish","type":"page","link":"https:\/\/castillayleonh2valley.eu\/es\/","title":{"rendered":"Inicio"},"content":{"rendered":"<p>Construyendo uno de los valles de hidr\u00f3geno m\u00e1s grandes de Europa para impulsar la descarbonizaci\u00f3n, la innovaci\u00f3n y el crecimiento sostenible.<\/p>\n","protected":false},"excerpt":{"rendered":"<p>Construyendo uno de los valles de hidr\u00f3geno m\u00e1s grandes de Europa para impulsar la descarbonizaci\u00f3n, la innovaci\u00f3n y el crecimiento sostenible.<\/p>\n","protected":false},"author":1,"featured_media":582,"parent":0,"menu_order":0,"comment_status":"closed","ping_status":"open","template":"page-templates\/homepage.php","meta":{"_acf_changed":false,"footnotes":""},"class_list":["post-584","page","type-page","status-publish","has-post-thumbnail","hentry"],"acf":[],"yoast_head":"<!-- This site is optimized with the Yoast SEO plugin v27.3 - https:\/\/yoast.com\/product\/yoast-seo-wordpress\/ -->\n<title>Inicio - Castilla y Le\u00f3n Hydrogen Valley<\/title>\n<meta name=\"robots\" content=\"index, follow, max-snippet:-1, max-image-preview:large, max-video-preview:-1\" \/>\n<link rel=\"canonical\" href=\"https:\/\/castillayleonh2valley.eu\/es\/\" \/>\n<meta property=\"og:locale\" content=\"es_ES\" \/>\n<meta property=\"og:type\" content=\"article\" \/>\n<meta property=\"og:title\" content=\"Inicio - Castilla y Le\u00f3n Hydrogen Valley\" \/>\n<meta property=\"og:description\" content=\"Construyendo uno de los valles de hidr\u00f3geno m\u00e1s grandes de Europa para impulsar la descarbonizaci\u00f3n, la innovaci\u00f3n y el crecimiento sostenible.\" \/>\n<meta property=\"og:url\" content=\"https:\/\/castillayleonh2valley.eu\/es\/\" \/>\n<meta property=\"og:site_name\" content=\"Castilla y Le\u00f3n Hydrogen Valley\" \/>\n<meta property=\"article:modified_time\" content=\"2026-03-18T15:13:51+00:00\" \/>\n<meta property=\"og:image\" content=\"https:\/\/castillayleonh2valley.eu\/wp-content\/uploads\/2025\/10\/CyL_keyvisual-scaled.webp\" \/>\n\t<meta property=\"og:image:width\" content=\"2560\" \/>\n\t<meta property=\"og:image:height\" content=\"1107\" \/>\n\t<meta property=\"og:image:type\" content=\"image\/webp\" \/>\n<meta name=\"twitter:card\" content=\"summary_large_image\" \/>\n<meta name=\"twitter:label1\" content=\"Est. reading time\" \/>\n\t<meta name=\"twitter:data1\" content=\"1 minute\" \/>\n<script type=\"application\/ld+json\" class=\"yoast-schema-graph\">{\"@context\":\"https:\\\/\\\/schema.org\",\"@graph\":[{\"@type\":\"WebPage\",\"@id\":\"https:\\\/\\\/castillayleonh2valley.eu\\\/es\\\/\",\"url\":\"https:\\\/\\\/castillayleonh2valley.eu\\\/es\\\/\",\"name\":\"Inicio - Castilla y Le\u00f3n Hydrogen Valley\",\"isPartOf\":{\"@id\":\"https:\\\/\\\/castillayleonh2valley.eu\\\/es\\\/#website\"},\"primaryImageOfPage\":{\"@id\":\"https:\\\/\\\/castillayleonh2valley.eu\\\/es\\\/#primaryimage\"},\"image\":{\"@id\":\"https:\\\/\\\/castillayleonh2valley.eu\\\/es\\\/#primaryimage\"},\"thumbnailUrl\":\"https:\\\/\\\/castillayleonh2valley.eu\\\/wp-content\\\/uploads\\\/2025\\\/10\\\/CyL_keyvisual-scaled.webp\",\"datePublished\":\"2023-06-20T06:33:27+00:00\",\"dateModified\":\"2026-03-18T15:13:51+00:00\",\"breadcrumb\":{\"@id\":\"https:\\\/\\\/castillayleonh2valley.eu\\\/es\\\/#breadcrumb\"},\"inLanguage\":\"es-ES\",\"potentialAction\":[{\"@type\":\"ReadAction\",\"target\":[\"https:\\\/\\\/castillayleonh2valley.eu\\\/es\\\/\"]}]},{\"@type\":\"ImageObject\",\"inLanguage\":\"es-ES\",\"@id\":\"https:\\\/\\\/castillayleonh2valley.eu\\\/es\\\/#primaryimage\",\"url\":\"https:\\\/\\\/castillayleonh2valley.eu\\\/wp-content\\\/uploads\\\/2025\\\/10\\\/CyL_keyvisual-scaled.webp\",\"contentUrl\":\"https:\\\/\\\/castillayleonh2valley.eu\\\/wp-content\\\/uploads\\\/2025\\\/10\\\/CyL_keyvisual-scaled.webp\",\"width\":2560,\"height\":1107,\"caption\":\"A group of three engineers wearing yellow vests and safety helmet look at a planimetry held by the person in the middle. The background is purple with a greenish dot pattern grid. Graphical elements depicting intertwining colored lines, like subway stops, are also present.\"},{\"@type\":\"BreadcrumbList\",\"@id\":\"https:\\\/\\\/castillayleonh2valley.eu\\\/es\\\/#breadcrumb\",\"itemListElement\":[{\"@type\":\"ListItem\",\"position\":1,\"name\":\"Home\",\"item\":\"https:\\\/\\\/castillayleonh2valley.eu\\\/es\\\/\"},{\"@type\":\"ListItem\",\"position\":2,\"name\":\"Inicio\"}]},{\"@type\":\"WebSite\",\"@id\":\"https:\\\/\\\/castillayleonh2valley.eu\\\/es\\\/#website\",\"url\":\"https:\\\/\\\/castillayleonh2valley.eu\\\/es\\\/\",\"name\":\"Castilla y Le\u00f3n Hydrogen Valley\",\"description\":\"An Integrated Ecosystem for a Clean Hydrogen Economy\",\"potentialAction\":[{\"@type\":\"SearchAction\",\"target\":{\"@type\":\"EntryPoint\",\"urlTemplate\":\"https:\\\/\\\/castillayleonh2valley.eu\\\/es\\\/?s={search_term_string}\"},\"query-input\":{\"@type\":\"PropertyValueSpecification\",\"valueRequired\":true,\"valueName\":\"search_term_string\"}}],\"inLanguage\":\"es-ES\"}]}<\/script>\n<!-- \/ Yoast SEO plugin. -->","yoast_head_json":{"title":"Inicio - Castilla y Le\u00f3n Hydrogen Valley","robots":{"index":"index","follow":"follow","max-snippet":"max-snippet:-1","max-image-preview":"max-image-preview:large","max-video-preview":"max-video-preview:-1"},"canonical":"https:\/\/castillayleonh2valley.eu\/es\/","og_locale":"es_ES","og_type":"article","og_title":"Inicio - Castilla y Le\u00f3n Hydrogen Valley","og_description":"Construyendo uno de los valles de hidr\u00f3geno m\u00e1s grandes de Europa para impulsar la descarbonizaci\u00f3n, la innovaci\u00f3n y el crecimiento sostenible.","og_url":"https:\/\/castillayleonh2valley.eu\/es\/","og_site_name":"Castilla y Le\u00f3n Hydrogen Valley","article_modified_time":"2026-03-18T15:13:51+00:00","og_image":[{"width":2560,"height":1107,"url":"https:\/\/castillayleonh2valley.eu\/wp-content\/uploads\/2025\/10\/CyL_keyvisual-scaled.webp","type":"image\/webp"}],"twitter_card":"summary_large_image","twitter_misc":{"Est. reading time":"1 minute"},"schema":{"@context":"https:\/\/schema.org","@graph":[{"@type":"WebPage","@id":"https:\/\/castillayleonh2valley.eu\/es\/","url":"https:\/\/castillayleonh2valley.eu\/es\/","name":"Inicio - Castilla y Le\u00f3n Hydrogen Valley","isPartOf":{"@id":"https:\/\/castillayleonh2valley.eu\/es\/#website"},"primaryImageOfPage":{"@id":"https:\/\/castillayleonh2valley.eu\/es\/#primaryimage"},"image":{"@id":"https:\/\/castillayleonh2valley.eu\/es\/#primaryimage"},"thumbnailUrl":"https:\/\/castillayleonh2valley.eu\/wp-content\/uploads\/2025\/10\/CyL_keyvisual-scaled.webp","datePublished":"2023-06-20T06:33:27+00:00","dateModified":"2026-03-18T15:13:51+00:00","breadcrumb":{"@id":"https:\/\/castillayleonh2valley.eu\/es\/#breadcrumb"},"inLanguage":"es-ES","potentialAction":[{"@type":"ReadAction","target":["https:\/\/castillayleonh2valley.eu\/es\/"]}]},{"@type":"ImageObject","inLanguage":"es-ES","@id":"https:\/\/castillayleonh2valley.eu\/es\/#primaryimage","url":"https:\/\/castillayleonh2valley.eu\/wp-content\/uploads\/2025\/10\/CyL_keyvisual-scaled.webp","contentUrl":"https:\/\/castillayleonh2valley.eu\/wp-content\/uploads\/2025\/10\/CyL_keyvisual-scaled.webp","width":2560,"height":1107,"caption":"A group of three engineers wearing yellow vests and safety helmet look at a planimetry held by the person in the middle. The background is purple with a greenish dot pattern grid. Graphical elements depicting intertwining colored lines, like subway stops, are also present."},{"@type":"BreadcrumbList","@id":"https:\/\/castillayleonh2valley.eu\/es\/#breadcrumb","itemListElement":[{"@type":"ListItem","position":1,"name":"Home","item":"https:\/\/castillayleonh2valley.eu\/es\/"},{"@type":"ListItem","position":2,"name":"Inicio"}]},{"@type":"WebSite","@id":"https:\/\/castillayleonh2valley.eu\/es\/#website","url":"https:\/\/castillayleonh2valley.eu\/es\/","name":"Castilla y Le\u00f3n Hydrogen Valley","description":"An Integrated Ecosystem for a Clean Hydrogen Economy","potentialAction":[{"@type":"SearchAction","target":{"@type":"EntryPoint","urlTemplate":"https:\/\/castillayleonh2valley.eu\/es\/?s={search_term_string}"},"query-input":{"@type":"PropertyValueSpecification","valueRequired":true,"valueName":"search_term_string"}}],"inLanguage":"es-ES"}]}},"_links":{"self":[{"href":"https:\/\/castillayleonh2valley.eu\/es\/wp-json\/wp\/v2\/pages\/584","targetHints":{"allow":["GET"]}}],"collection":[{"href":"https:\/\/castillayleonh2valley.eu\/es\/wp-json\/wp\/v2\/pages"}],"about":[{"href":"https:\/\/castillayleonh2valley.eu\/es\/wp-json\/wp\/v2\/types\/page"}],"author":[{"embeddable":true,"href":"https:\/\/castillayleonh2valley.eu\/es\/wp-json\/wp\/v2\/users\/1"}],"replies":[{"embeddable":true,"href":"https:\/\/castillayleonh2valley.eu\/es\/wp-json\/wp\/v2\/comments?post=584"}],"version-history":[{"count":11,"href":"https:\/\/castillayleonh2valley.eu\/es\/wp-json\/wp\/v2\/pages\/584\/revisions"}],"predecessor-version":[{"id":783,"href":"https:\/\/castillayleonh2valley.eu\/es\/wp-json\/wp\/v2\/pages\/584\/revisions\/783"}],"wp:featuredmedia":[{"embeddable":true,"href":"https:\/\/castillayleonh2valley.eu\/es\/wp-json\/wp\/v2\/media\/582"}],"wp:attachment":[{"href":"https:\/\/castillayleonh2valley.eu\/es\/wp-json\/wp\/v2\/media?parent=584"}],"curies":[{"name":"wp","href":"https:\/\/api.w.org\/{rel}","templated":true}]}}