{"id":632,"date":"2025-09-10T10:50:16","date_gmt":"2025-09-10T10:50:16","guid":{"rendered":"https:\/\/castillayleonh2valley.eu\/pilots\/"},"modified":"2025-11-18T13:33:55","modified_gmt":"2025-11-18T13:33:55","slug":"pilots","status":"publish","type":"page","link":"https:\/\/castillayleonh2valley.eu\/es\/pilots\/","title":{"rendered":"Pilotos"},"content":{"rendered":"<p>El Valle del Hidr\u00f3geno de Castilla y Le\u00f3n incluye 11 emplazamientos piloto en toda la regi\u00f3n, cada uno de los cuales demuestra un elemento clave de la cadena de valor del hidr\u00f3geno: desde la producci\u00f3n y distribuci\u00f3n hasta el uso final en el transporte, la industria y la energ\u00eda. En conjunto, forman un ecosistema integrado que demuestra la viabilidad, versatilidad y escalabilidad del hidr\u00f3geno verde.<\/p>\n","protected":false},"excerpt":{"rendered":"<p>El Valle del Hidr\u00f3geno de Castilla y Le\u00f3n incluye 11 emplazamientos piloto en toda la regi\u00f3n, cada uno de los cuales demuestra un elemento clave de la cadena de valor del hidr\u00f3geno: desde la producci\u00f3n y distribuci\u00f3n hasta el uso final en el transporte, la industria y la energ\u00eda. En conjunto, forman un ecosistema integrado [&hellip;]<\/p>\n","protected":false},"author":1,"featured_media":0,"parent":0,"menu_order":0,"comment_status":"closed","ping_status":"closed","template":"page-templates\/pilots.php","meta":{"_acf_changed":false,"footnotes":""},"class_list":["post-632","page","type-page","status-publish","hentry"],"acf":[],"yoast_head":"<!-- This site is optimized with the Yoast SEO plugin v27.3 - https:\/\/yoast.com\/product\/yoast-seo-wordpress\/ -->\n<title>Pilotos - Castilla y Le\u00f3n Hydrogen Valley<\/title>\n<meta name=\"robots\" content=\"index, follow, max-snippet:-1, max-image-preview:large, max-video-preview:-1\" \/>\n<link rel=\"canonical\" href=\"https:\/\/castillayleonh2valley.eu\/es\/pilots\/\" \/>\n<meta property=\"og:locale\" content=\"es_ES\" \/>\n<meta property=\"og:type\" content=\"article\" \/>\n<meta property=\"og:title\" content=\"Pilotos - Castilla y Le\u00f3n Hydrogen Valley\" \/>\n<meta property=\"og:description\" content=\"El Valle del Hidr\u00f3geno de Castilla y Le\u00f3n incluye 11 emplazamientos piloto en toda la regi\u00f3n, cada uno de los cuales demuestra un elemento clave de la cadena de valor del hidr\u00f3geno: desde la producci\u00f3n y distribuci\u00f3n hasta el uso final en el transporte, la industria y la energ\u00eda. En conjunto, forman un ecosistema integrado [&hellip;]\" \/>\n<meta property=\"og:url\" content=\"https:\/\/castillayleonh2valley.eu\/es\/pilots\/\" \/>\n<meta property=\"og:site_name\" content=\"Castilla y Le\u00f3n Hydrogen Valley\" \/>\n<meta property=\"article:modified_time\" content=\"2025-11-18T13:33:55+00:00\" \/>\n<meta name=\"twitter:card\" content=\"summary_large_image\" \/>\n<meta name=\"twitter:label1\" content=\"Est. reading time\" \/>\n\t<meta name=\"twitter:data1\" content=\"1 minute\" \/>\n<script type=\"application\/ld+json\" class=\"yoast-schema-graph\">{\"@context\":\"https:\\\/\\\/schema.org\",\"@graph\":[{\"@type\":\"WebPage\",\"@id\":\"https:\\\/\\\/castillayleonh2valley.eu\\\/es\\\/pilots\\\/\",\"url\":\"https:\\\/\\\/castillayleonh2valley.eu\\\/es\\\/pilots\\\/\",\"name\":\"Pilotos - Castilla y Le\u00f3n Hydrogen Valley\",\"isPartOf\":{\"@id\":\"https:\\\/\\\/castillayleonh2valley.eu\\\/es\\\/#website\"},\"datePublished\":\"2025-09-10T10:50:16+00:00\",\"dateModified\":\"2025-11-18T13:33:55+00:00\",\"breadcrumb\":{\"@id\":\"https:\\\/\\\/castillayleonh2valley.eu\\\/es\\\/pilots\\\/#breadcrumb\"},\"inLanguage\":\"es-ES\",\"potentialAction\":[{\"@type\":\"ReadAction\",\"target\":[\"https:\\\/\\\/castillayleonh2valley.eu\\\/es\\\/pilots\\\/\"]}]},{\"@type\":\"BreadcrumbList\",\"@id\":\"https:\\\/\\\/castillayleonh2valley.eu\\\/es\\\/pilots\\\/#breadcrumb\",\"itemListElement\":[{\"@type\":\"ListItem\",\"position\":1,\"name\":\"Home\",\"item\":\"https:\\\/\\\/castillayleonh2valley.eu\\\/es\\\/\"},{\"@type\":\"ListItem\",\"position\":2,\"name\":\"Pilotos\"}]},{\"@type\":\"WebSite\",\"@id\":\"https:\\\/\\\/castillayleonh2valley.eu\\\/es\\\/#website\",\"url\":\"https:\\\/\\\/castillayleonh2valley.eu\\\/es\\\/\",\"name\":\"Castilla y Le\u00f3n Hydrogen Valley\",\"description\":\"An Integrated Ecosystem for a Clean Hydrogen Economy\",\"potentialAction\":[{\"@type\":\"SearchAction\",\"target\":{\"@type\":\"EntryPoint\",\"urlTemplate\":\"https:\\\/\\\/castillayleonh2valley.eu\\\/es\\\/?s={search_term_string}\"},\"query-input\":{\"@type\":\"PropertyValueSpecification\",\"valueRequired\":true,\"valueName\":\"search_term_string\"}}],\"inLanguage\":\"es-ES\"}]}<\/script>\n<!-- \/ Yoast SEO plugin. -->","yoast_head_json":{"title":"Pilotos - Castilla y Le\u00f3n Hydrogen Valley","robots":{"index":"index","follow":"follow","max-snippet":"max-snippet:-1","max-image-preview":"max-image-preview:large","max-video-preview":"max-video-preview:-1"},"canonical":"https:\/\/castillayleonh2valley.eu\/es\/pilots\/","og_locale":"es_ES","og_type":"article","og_title":"Pilotos - Castilla y Le\u00f3n Hydrogen Valley","og_description":"El Valle del Hidr\u00f3geno de Castilla y Le\u00f3n incluye 11 emplazamientos piloto en toda la regi\u00f3n, cada uno de los cuales demuestra un elemento clave de la cadena de valor del hidr\u00f3geno: desde la producci\u00f3n y distribuci\u00f3n hasta el uso final en el transporte, la industria y la energ\u00eda. En conjunto, forman un ecosistema integrado [&hellip;]","og_url":"https:\/\/castillayleonh2valley.eu\/es\/pilots\/","og_site_name":"Castilla y Le\u00f3n Hydrogen Valley","article_modified_time":"2025-11-18T13:33:55+00:00","twitter_card":"summary_large_image","twitter_misc":{"Est. reading time":"1 minute"},"schema":{"@context":"https:\/\/schema.org","@graph":[{"@type":"WebPage","@id":"https:\/\/castillayleonh2valley.eu\/es\/pilots\/","url":"https:\/\/castillayleonh2valley.eu\/es\/pilots\/","name":"Pilotos - Castilla y Le\u00f3n Hydrogen Valley","isPartOf":{"@id":"https:\/\/castillayleonh2valley.eu\/es\/#website"},"datePublished":"2025-09-10T10:50:16+00:00","dateModified":"2025-11-18T13:33:55+00:00","breadcrumb":{"@id":"https:\/\/castillayleonh2valley.eu\/es\/pilots\/#breadcrumb"},"inLanguage":"es-ES","potentialAction":[{"@type":"ReadAction","target":["https:\/\/castillayleonh2valley.eu\/es\/pilots\/"]}]},{"@type":"BreadcrumbList","@id":"https:\/\/castillayleonh2valley.eu\/es\/pilots\/#breadcrumb","itemListElement":[{"@type":"ListItem","position":1,"name":"Home","item":"https:\/\/castillayleonh2valley.eu\/es\/"},{"@type":"ListItem","position":2,"name":"Pilotos"}]},{"@type":"WebSite","@id":"https:\/\/castillayleonh2valley.eu\/es\/#website","url":"https:\/\/castillayleonh2valley.eu\/es\/","name":"Castilla y Le\u00f3n Hydrogen Valley","description":"An Integrated Ecosystem for a Clean Hydrogen Economy","potentialAction":[{"@type":"SearchAction","target":{"@type":"EntryPoint","urlTemplate":"https:\/\/castillayleonh2valley.eu\/es\/?s={search_term_string}"},"query-input":{"@type":"PropertyValueSpecification","valueRequired":true,"valueName":"search_term_string"}}],"inLanguage":"es-ES"}]}},"_links":{"self":[{"href":"https:\/\/castillayleonh2valley.eu\/es\/wp-json\/wp\/v2\/pages\/632","targetHints":{"allow":["GET"]}}],"collection":[{"href":"https:\/\/castillayleonh2valley.eu\/es\/wp-json\/wp\/v2\/pages"}],"about":[{"href":"https:\/\/castillayleonh2valley.eu\/es\/wp-json\/wp\/v2\/types\/page"}],"author":[{"embeddable":true,"href":"https:\/\/castillayleonh2valley.eu\/es\/wp-json\/wp\/v2\/users\/1"}],"replies":[{"embeddable":true,"href":"https:\/\/castillayleonh2valley.eu\/es\/wp-json\/wp\/v2\/comments?post=632"}],"version-history":[{"count":5,"href":"https:\/\/castillayleonh2valley.eu\/es\/wp-json\/wp\/v2\/pages\/632\/revisions"}],"predecessor-version":[{"id":735,"href":"https:\/\/castillayleonh2valley.eu\/es\/wp-json\/wp\/v2\/pages\/632\/revisions\/735"}],"wp:attachment":[{"href":"https:\/\/castillayleonh2valley.eu\/es\/wp-json\/wp\/v2\/media?parent=632"}],"curies":[{"name":"wp","href":"https:\/\/api.w.org\/{rel}","templated":true}]}}