{"id":690,"date":"2025-06-12T09:19:23","date_gmt":"2025-06-12T07:19:23","guid":{"rendered":"https:\/\/castillayleonh2valley.eu\/disclaimer\/"},"modified":"2025-11-03T16:09:13","modified_gmt":"2025-11-03T16:09:13","slug":"disclaimer","status":"publish","type":"page","link":"https:\/\/castillayleonh2valley.eu\/es\/disclaimer\/","title":{"rendered":"Aviso legal"},"content":{"rendered":"<p>Las opiniones y puntos de vista expresados son exclusivamente los de los autores y no reflejan necesariamente los de la Uni\u00f3n Europea ni los de la Asociaci\u00f3n por el Hidr\u00f3geno Limpio. Ni la Uni\u00f3n Europea ni la autoridad concedente se hacen responsables de ellos.<\/p>\n","protected":false},"excerpt":{"rendered":"<p>Las opiniones y puntos de vista expresados son exclusivamente los de los autores y no reflejan necesariamente los de la Uni\u00f3n Europea ni los de la Asociaci\u00f3n por el Hidr\u00f3geno Limpio. Ni la Uni\u00f3n Europea ni la autoridad concedente se hacen responsables de ellos.<\/p>\n","protected":false},"author":1,"featured_media":0,"parent":0,"menu_order":0,"comment_status":"closed","ping_status":"closed","template":"page-templates\/standard.php","meta":{"_acf_changed":false,"footnotes":""},"class_list":["post-690","page","type-page","status-publish","hentry"],"acf":[],"yoast_head":"<!-- This site is optimized with the Yoast SEO plugin v27.3 - https:\/\/yoast.com\/product\/yoast-seo-wordpress\/ -->\n<title>Aviso legal - Castilla y Le\u00f3n Hydrogen Valley<\/title>\n<meta name=\"robots\" content=\"index, follow, max-snippet:-1, max-image-preview:large, max-video-preview:-1\" \/>\n<link rel=\"canonical\" href=\"https:\/\/castillayleonh2valley.eu\/es\/disclaimer\/\" \/>\n<meta property=\"og:locale\" content=\"es_ES\" \/>\n<meta property=\"og:type\" content=\"article\" \/>\n<meta property=\"og:title\" content=\"Aviso legal - Castilla y Le\u00f3n Hydrogen Valley\" \/>\n<meta property=\"og:description\" content=\"Las opiniones y puntos de vista expresados son exclusivamente los de los autores y no reflejan necesariamente los de la Uni\u00f3n Europea ni los de la Asociaci\u00f3n por el Hidr\u00f3geno Limpio. Ni la Uni\u00f3n Europea ni la autoridad concedente se hacen responsables de ellos.\" \/>\n<meta property=\"og:url\" content=\"https:\/\/castillayleonh2valley.eu\/es\/disclaimer\/\" \/>\n<meta property=\"og:site_name\" content=\"Castilla y Le\u00f3n Hydrogen Valley\" \/>\n<meta property=\"article:modified_time\" content=\"2025-11-03T16:09:13+00:00\" \/>\n<meta name=\"twitter:card\" content=\"summary_large_image\" \/>\n<meta name=\"twitter:label1\" content=\"Est. reading time\" \/>\n\t<meta name=\"twitter:data1\" content=\"1 minute\" \/>\n<script type=\"application\/ld+json\" class=\"yoast-schema-graph\">{\"@context\":\"https:\\\/\\\/schema.org\",\"@graph\":[{\"@type\":\"WebPage\",\"@id\":\"https:\\\/\\\/castillayleonh2valley.eu\\\/es\\\/disclaimer\\\/\",\"url\":\"https:\\\/\\\/castillayleonh2valley.eu\\\/es\\\/disclaimer\\\/\",\"name\":\"Aviso legal - Castilla y Le\u00f3n Hydrogen Valley\",\"isPartOf\":{\"@id\":\"https:\\\/\\\/castillayleonh2valley.eu\\\/es\\\/#website\"},\"datePublished\":\"2025-06-12T07:19:23+00:00\",\"dateModified\":\"2025-11-03T16:09:13+00:00\",\"breadcrumb\":{\"@id\":\"https:\\\/\\\/castillayleonh2valley.eu\\\/es\\\/disclaimer\\\/#breadcrumb\"},\"inLanguage\":\"es-ES\",\"potentialAction\":[{\"@type\":\"ReadAction\",\"target\":[\"https:\\\/\\\/castillayleonh2valley.eu\\\/es\\\/disclaimer\\\/\"]}]},{\"@type\":\"BreadcrumbList\",\"@id\":\"https:\\\/\\\/castillayleonh2valley.eu\\\/es\\\/disclaimer\\\/#breadcrumb\",\"itemListElement\":[{\"@type\":\"ListItem\",\"position\":1,\"name\":\"Home\",\"item\":\"https:\\\/\\\/castillayleonh2valley.eu\\\/es\\\/\"},{\"@type\":\"ListItem\",\"position\":2,\"name\":\"Aviso legal\"}]},{\"@type\":\"WebSite\",\"@id\":\"https:\\\/\\\/castillayleonh2valley.eu\\\/es\\\/#website\",\"url\":\"https:\\\/\\\/castillayleonh2valley.eu\\\/es\\\/\",\"name\":\"Castilla y Le\u00f3n Hydrogen Valley\",\"description\":\"An Integrated Ecosystem for a Clean Hydrogen Economy\",\"potentialAction\":[{\"@type\":\"SearchAction\",\"target\":{\"@type\":\"EntryPoint\",\"urlTemplate\":\"https:\\\/\\\/castillayleonh2valley.eu\\\/es\\\/?s={search_term_string}\"},\"query-input\":{\"@type\":\"PropertyValueSpecification\",\"valueRequired\":true,\"valueName\":\"search_term_string\"}}],\"inLanguage\":\"es-ES\"}]}<\/script>\n<!-- \/ Yoast SEO plugin. -->","yoast_head_json":{"title":"Aviso legal - Castilla y Le\u00f3n Hydrogen Valley","robots":{"index":"index","follow":"follow","max-snippet":"max-snippet:-1","max-image-preview":"max-image-preview:large","max-video-preview":"max-video-preview:-1"},"canonical":"https:\/\/castillayleonh2valley.eu\/es\/disclaimer\/","og_locale":"es_ES","og_type":"article","og_title":"Aviso legal - Castilla y Le\u00f3n Hydrogen Valley","og_description":"Las opiniones y puntos de vista expresados son exclusivamente los de los autores y no reflejan necesariamente los de la Uni\u00f3n Europea ni los de la Asociaci\u00f3n por el Hidr\u00f3geno Limpio. Ni la Uni\u00f3n Europea ni la autoridad concedente se hacen responsables de ellos.","og_url":"https:\/\/castillayleonh2valley.eu\/es\/disclaimer\/","og_site_name":"Castilla y Le\u00f3n Hydrogen Valley","article_modified_time":"2025-11-03T16:09:13+00:00","twitter_card":"summary_large_image","twitter_misc":{"Est. reading time":"1 minute"},"schema":{"@context":"https:\/\/schema.org","@graph":[{"@type":"WebPage","@id":"https:\/\/castillayleonh2valley.eu\/es\/disclaimer\/","url":"https:\/\/castillayleonh2valley.eu\/es\/disclaimer\/","name":"Aviso legal - Castilla y Le\u00f3n Hydrogen Valley","isPartOf":{"@id":"https:\/\/castillayleonh2valley.eu\/es\/#website"},"datePublished":"2025-06-12T07:19:23+00:00","dateModified":"2025-11-03T16:09:13+00:00","breadcrumb":{"@id":"https:\/\/castillayleonh2valley.eu\/es\/disclaimer\/#breadcrumb"},"inLanguage":"es-ES","potentialAction":[{"@type":"ReadAction","target":["https:\/\/castillayleonh2valley.eu\/es\/disclaimer\/"]}]},{"@type":"BreadcrumbList","@id":"https:\/\/castillayleonh2valley.eu\/es\/disclaimer\/#breadcrumb","itemListElement":[{"@type":"ListItem","position":1,"name":"Home","item":"https:\/\/castillayleonh2valley.eu\/es\/"},{"@type":"ListItem","position":2,"name":"Aviso legal"}]},{"@type":"WebSite","@id":"https:\/\/castillayleonh2valley.eu\/es\/#website","url":"https:\/\/castillayleonh2valley.eu\/es\/","name":"Castilla y Le\u00f3n Hydrogen Valley","description":"An Integrated Ecosystem for a Clean Hydrogen Economy","potentialAction":[{"@type":"SearchAction","target":{"@type":"EntryPoint","urlTemplate":"https:\/\/castillayleonh2valley.eu\/es\/?s={search_term_string}"},"query-input":{"@type":"PropertyValueSpecification","valueRequired":true,"valueName":"search_term_string"}}],"inLanguage":"es-ES"}]}},"_links":{"self":[{"href":"https:\/\/castillayleonh2valley.eu\/es\/wp-json\/wp\/v2\/pages\/690","targetHints":{"allow":["GET"]}}],"collection":[{"href":"https:\/\/castillayleonh2valley.eu\/es\/wp-json\/wp\/v2\/pages"}],"about":[{"href":"https:\/\/castillayleonh2valley.eu\/es\/wp-json\/wp\/v2\/types\/page"}],"author":[{"embeddable":true,"href":"https:\/\/castillayleonh2valley.eu\/es\/wp-json\/wp\/v2\/users\/1"}],"replies":[{"embeddable":true,"href":"https:\/\/castillayleonh2valley.eu\/es\/wp-json\/wp\/v2\/comments?post=690"}],"version-history":[{"count":2,"href":"https:\/\/castillayleonh2valley.eu\/es\/wp-json\/wp\/v2\/pages\/690\/revisions"}],"predecessor-version":[{"id":703,"href":"https:\/\/castillayleonh2valley.eu\/es\/wp-json\/wp\/v2\/pages\/690\/revisions\/703"}],"wp:attachment":[{"href":"https:\/\/castillayleonh2valley.eu\/es\/wp-json\/wp\/v2\/media?parent=690"}],"curies":[{"name":"wp","href":"https:\/\/api.w.org\/{rel}","templated":true}]}}